{"id":2776,"date":"2023-07-05T15:59:17","date_gmt":"2023-07-05T18:59:17","guid":{"rendered":"https:\/\/tampinhasquecuram.com.br\/?page_id=2776"},"modified":"2023-07-14T12:45:17","modified_gmt":"2023-07-14T15:45:17","slug":"seja-um-doador-2","status":"publish","type":"page","link":"https:\/\/tampinhasquecuram.com.br\/en\/seja-um-doador-2\/","title":{"rendered":"Be a donor"},"content":{"rendered":"<div data-elementor-type=\"wp-page\" data-elementor-id=\"2776\" class=\"elementor elementor-2776\">\n\t\t\t\t\t\t<section class=\"elementor-section elementor-top-section elementor-element elementor-element-a071684 elementor-section-height-min-height elementor-section-boxed elementor-section-height-default elementor-section-items-middle exad-glass-effect-no exad-sticky-section-no\" data-id=\"a071684\" data-element_type=\"section\" data-settings=\"{&quot;background_background&quot;:&quot;classic&quot;}\">\n\t\t\t\t\t\t\t<div class=\"elementor-background-overlay\"><\/div>\n\t\t\t\t\t\t\t<div class=\"elementor-container elementor-column-gap-default\">\n\t\t\t\t\t<div class=\"elementor-column elementor-col-100 elementor-top-column elementor-element elementor-element-37d6fc4 exad-glass-effect-no exad-sticky-section-no\" data-id=\"37d6fc4\" data-element_type=\"column\">\n\t\t\t<div class=\"elementor-widget-wrap elementor-element-populated\">\n\t\t\t\t\t\t<div class=\"elementor-element elementor-element-fa2a056 exad-sticky-section-no exad-glass-effect-no elementor-widget elementor-widget-elementskit-heading\" data-id=\"fa2a056\" data-element_type=\"widget\" data-widget_type=\"elementskit-heading.default\">\n\t\t\t\t<div class=\"elementor-widget-container\">\n\t\t\t<div class=\"ekit-wid-con\" ><div class=\"ekit-heading elementskit-section-title-wraper text_center   ekit_heading_tablet-text_center   ekit_heading_mobile-text_center\"><\/div><\/div>\t\t<\/div>\n\t\t\t\t<\/div>\n\t\t\t\t\t<\/div>\n\t\t<\/div>\n\t\t\t\t\t<\/div>\n\t\t<\/section>\n\t\t\t\t<section class=\"elementor-section elementor-inner-section elementor-element elementor-element-2e7efa7e elementor-section-boxed elementor-section-height-default elementor-section-height-default exad-glass-effect-no exad-sticky-section-no\" data-id=\"2e7efa7e\" data-element_type=\"section\">\n\t\t\t\t\t\t<div class=\"elementor-container elementor-column-gap-default\">\n\t\t\t\t\t<div class=\"elementor-column elementor-col-25 elementor-inner-column elementor-element elementor-element-47412f1b exad-glass-effect-no exad-sticky-section-no\" data-id=\"47412f1b\" data-element_type=\"column\">\n\t\t\t<div class=\"elementor-widget-wrap elementor-element-populated\">\n\t\t\t\t\t\t<div class=\"elementor-element elementor-element-2c9f9c84 animated-slow ekit-equal-height-enable exad-sticky-section-no exad-glass-effect-no elementor-invisible elementor-widget elementor-widget-elementskit-icon-box\" data-id=\"2c9f9c84\" data-element_type=\"widget\" data-settings=\"{&quot;_animation&quot;:&quot;fadeInUp&quot;,&quot;_animation_delay&quot;:&quot;300&quot;}\" data-widget_type=\"elementskit-icon-box.default\">\n\t\t\t\t<div class=\"elementor-widget-container\">\n\t\t\t<div class=\"ekit-wid-con\" >        <!-- link opening -->\n                <!-- end link opening -->\n\n        <div class=\"elementskit-infobox text-center text- icon-top-align elementor-animation-\">\n                            <div class=\"elementskit-box-header\">\n                <div class=\"elementskit-info-box-icon\">\n                    <img decoding=\"async\" width=\"50\" height=\"50\" src=\"https:\/\/tampinhasquecuram.com.br\/wp-content\/uploads\/2023\/05\/ddecorrente.png\" class=\"attachment- size-\" alt=\"\" \/>                <\/div>\n          <\/div>\n                <div class=\"box-body\">\n                            <h3 class=\"elementskit-info-box-title\">\n                    R$10                <\/h3>\n                        \t\t  \t<p>With R$10.00 a month you become a friend of the bottle caps and contribute monthly to our recycling work and help treat children with cancer.<\/p>\n                                        <div class=\"box-footer disable_hover_button\">\n                    <div class=\"btn-wraper\">\n                                                            <a class=\"elementskit-btn whitespace--normal\" href=\"https:\/\/www.paypal.com\/donate\/?hosted_button_id=BXV5NEX34H9E8\" target=\"_blank\">\n                                                                                DONATE                                    <\/a>\n                                                        <\/div>\n                <\/div>\n                    <\/div>\n        \n        \n                <\/div>\n        <\/div>\t\t<\/div>\n\t\t\t\t<\/div>\n\t\t\t\t\t<\/div>\n\t\t<\/div>\n\t\t\t\t<div class=\"elementor-column elementor-col-25 elementor-inner-column elementor-element elementor-element-508a4a3b exad-glass-effect-no exad-sticky-section-no\" data-id=\"508a4a3b\" data-element_type=\"column\">\n\t\t\t<div class=\"elementor-widget-wrap elementor-element-populated\">\n\t\t\t\t\t\t<div class=\"elementor-element elementor-element-48d119b animated-slow ekit-equal-height-enable exad-sticky-section-no exad-glass-effect-no elementor-invisible elementor-widget elementor-widget-elementskit-icon-box\" data-id=\"48d119b\" data-element_type=\"widget\" data-settings=\"{&quot;_animation&quot;:&quot;fadeInUp&quot;,&quot;_animation_delay&quot;:&quot;300&quot;}\" data-widget_type=\"elementskit-icon-box.default\">\n\t\t\t\t<div class=\"elementor-widget-container\">\n\t\t\t<div class=\"ekit-wid-con\" >        <!-- link opening -->\n                <!-- end link opening -->\n\n        <div class=\"elementskit-infobox text-center text- icon-top-align elementor-animation-\">\n                            <div class=\"elementskit-box-header\">\n                <div class=\"elementskit-info-box-icon\">\n                    <img decoding=\"async\" width=\"50\" height=\"50\" src=\"https:\/\/tampinhasquecuram.com.br\/wp-content\/uploads\/2023\/05\/ddecorrente.png\" class=\"attachment- size-\" alt=\"\" \/>                <\/div>\n          <\/div>\n                <div class=\"box-body\">\n                            <h3 class=\"elementskit-info-box-title\">\n                    R$20                <\/h3>\n                        \t\t  \t<p>With R$20.00 a month you become a friend of the bottle caps and contribute monthly to our recycling work and help treat children with cancer.<\/p>\n                                        <div class=\"box-footer disable_hover_button\">\n                    <div class=\"btn-wraper\">\n                                                            <a class=\"elementskit-btn whitespace--normal\" href=\"https:\/\/www.paypal.com\/donate\/?hosted_button_id=6THYYFHR22N4U\" target=\"_blank\">\n                                                                                DONATE                                    <\/a>\n                                                        <\/div>\n                <\/div>\n                    <\/div>\n        \n        \n                <\/div>\n        <\/div>\t\t<\/div>\n\t\t\t\t<\/div>\n\t\t\t\t\t<\/div>\n\t\t<\/div>\n\t\t\t\t<div class=\"elementor-column elementor-col-25 elementor-inner-column elementor-element elementor-element-525d4edc exad-glass-effect-no exad-sticky-section-no\" data-id=\"525d4edc\" data-element_type=\"column\">\n\t\t\t<div class=\"elementor-widget-wrap elementor-element-populated\">\n\t\t\t\t\t\t<div class=\"elementor-element elementor-element-10b6ce5 animated-slow ekit-equal-height-enable exad-sticky-section-no exad-glass-effect-no elementor-invisible elementor-widget elementor-widget-elementskit-icon-box\" data-id=\"10b6ce5\" data-element_type=\"widget\" data-settings=\"{&quot;_animation&quot;:&quot;fadeInUp&quot;,&quot;_animation_delay&quot;:&quot;300&quot;}\" data-widget_type=\"elementskit-icon-box.default\">\n\t\t\t\t<div class=\"elementor-widget-container\">\n\t\t\t<div class=\"ekit-wid-con\" >        <!-- link opening -->\n                <!-- end link opening -->\n\n        <div class=\"elementskit-infobox text-center text- icon-top-align elementor-animation-\">\n                            <div class=\"elementskit-box-header\">\n                <div class=\"elementskit-info-box-icon\">\n                    <img decoding=\"async\" width=\"50\" height=\"50\" src=\"https:\/\/tampinhasquecuram.com.br\/wp-content\/uploads\/2023\/05\/ddecorrente.png\" class=\"attachment- size-\" alt=\"\" \/>                <\/div>\n          <\/div>\n                <div class=\"box-body\">\n                            <h3 class=\"elementskit-info-box-title\">\n                    R$50                <\/h3>\n                        \t\t  \t<p>With R$50.00 a month you become a friend of the bottle caps and contribute monthly to our recycling work and help treat children with cancer.<\/p>\n                                        <div class=\"box-footer disable_hover_button\">\n                    <div class=\"btn-wraper\">\n                                                            <a class=\"elementskit-btn whitespace--normal\" href=\"https:\/\/www.paypal.com\/donate\/?hosted_button_id=BL9W8N5MBZFH2\" target=\"_blank\">\n                                                                                DONATE                                    <\/a>\n                                                        <\/div>\n                <\/div>\n                    <\/div>\n        \n        \n                <\/div>\n        <\/div>\t\t<\/div>\n\t\t\t\t<\/div>\n\t\t\t\t\t<\/div>\n\t\t<\/div>\n\t\t\t\t<div class=\"elementor-column elementor-col-25 elementor-inner-column elementor-element elementor-element-56c925b exad-glass-effect-no exad-sticky-section-no\" data-id=\"56c925b\" data-element_type=\"column\">\n\t\t\t<div class=\"elementor-widget-wrap elementor-element-populated\">\n\t\t\t\t\t\t<div class=\"elementor-element elementor-element-6efeae0 animated-slow ekit-equal-height-enable exad-sticky-section-no exad-glass-effect-no elementor-invisible elementor-widget elementor-widget-elementskit-icon-box\" data-id=\"6efeae0\" data-element_type=\"widget\" data-settings=\"{&quot;_animation&quot;:&quot;fadeInUp&quot;,&quot;_animation_delay&quot;:&quot;300&quot;}\" data-widget_type=\"elementskit-icon-box.default\">\n\t\t\t\t<div class=\"elementor-widget-container\">\n\t\t\t<div class=\"ekit-wid-con\" >        <!-- link opening -->\n                <!-- end link opening -->\n\n        <div class=\"elementskit-infobox text-center text- icon-top-align elementor-animation-\">\n                            <div class=\"elementskit-box-header\">\n                <div class=\"elementskit-info-box-icon\">\n                    <img decoding=\"async\" width=\"50\" height=\"50\" src=\"https:\/\/tampinhasquecuram.com.br\/wp-content\/uploads\/2023\/05\/ddecorrente.png\" class=\"attachment- size-\" alt=\"\" \/>                <\/div>\n          <\/div>\n                <div class=\"box-body\">\n                            <h3 class=\"elementskit-info-box-title\">\n                    Other Value                <\/h3>\n                        \t\t  \t<p>With any monthly amount, you can become a friend of the caps and contribute monthly to our recycling work and help treat children with cancer.<\/p>\n                                        <div class=\"box-footer disable_hover_button\">\n                    <div class=\"btn-wraper\">\n                                                            <a class=\"elementskit-btn whitespace--normal\" href=\"https:\/\/www.paypal.com\/donate\/?hosted_button_id=KVLULJX97WHPY\" target=\"_blank\">\n                                                                                DONATE                                    <\/a>\n                                                        <\/div>\n                <\/div>\n                    <\/div>\n        \n        \n                <\/div>\n        <\/div>\t\t<\/div>\n\t\t\t\t<\/div>\n\t\t\t\t\t<\/div>\n\t\t<\/div>\n\t\t\t\t\t<\/div>\n\t\t<\/section>\n\t\t\t\t<section class=\"elementor-section elementor-top-section elementor-element elementor-element-2d56b0a3 elementor-section-content-middle animated-slow elementor-section-boxed elementor-section-height-default elementor-section-height-default exad-glass-effect-no exad-sticky-section-no elementor-invisible\" data-id=\"2d56b0a3\" data-element_type=\"section\" data-settings=\"{&quot;animation&quot;:&quot;fadeInUp&quot;}\">\n\t\t\t\t\t\t<div class=\"elementor-container elementor-column-gap-default\">\n\t\t\t\t\t<div class=\"elementor-column elementor-col-50 elementor-top-column elementor-element elementor-element-7c61efbc exad-glass-effect-no exad-sticky-section-no\" data-id=\"7c61efbc\" data-element_type=\"column\">\n\t\t\t<div class=\"elementor-widget-wrap elementor-element-populated\">\n\t\t\t\t\t\t<div class=\"elementor-element elementor-element-1f911fe3 elementor-widget__width-initial exad-sticky-section-no exad-glass-effect-no elementor-widget elementor-widget-elementskit-heading\" data-id=\"1f911fe3\" data-element_type=\"widget\" data-widget_type=\"elementskit-heading.default\">\n\t\t\t\t<div class=\"elementor-widget-container\">\n\t\t\t<div class=\"ekit-wid-con\" ><div class=\"ekit-heading elementskit-section-title-wraper text_left   ekit_heading_tablet-   ekit_heading_mobile-text_center\"><h2 class=\"ekit-heading--title elementskit-section-title\">If you need proof, request it by e-mail <\/h2><\/div><\/div>\t\t<\/div>\n\t\t\t\t<\/div>\n\t\t\t\t\t<\/div>\n\t\t<\/div>\n\t\t\t\t<div class=\"elementor-column elementor-col-50 elementor-top-column elementor-element elementor-element-21205b68 exad-glass-effect-no exad-sticky-section-no\" data-id=\"21205b68\" data-element_type=\"column\">\n\t\t\t<div class=\"elementor-widget-wrap elementor-element-populated\">\n\t\t\t\t\t\t<div class=\"elementor-element elementor-element-2975024d elementor-align-right elementor-align--mobilecenter elementor-widget__width-initial exad-sticky-section-no exad-glass-effect-no elementor-widget elementor-widget-elementskit-button\" data-id=\"2975024d\" data-element_type=\"widget\" data-widget_type=\"elementskit-button.default\">\n\t\t\t\t<div class=\"elementor-widget-container\">\n\t\t\t<div class=\"ekit-wid-con\" >\t\t<div class=\"ekit-btn-wraper\">\n\t\t\t\t\t\t\t<a href=\"mailto:contato@tampinhasquecuram.com.br\" class=\"elementskit-btn  whitespace--normal\" id=\"\">\n\t\t\t\t\t<i class=\"icon icon-contact\"><\/i>CONTACT US\t\t\t\t<\/a>\n\t\t\t\t\t<\/div>\n        <\/div>\t\t<\/div>\n\t\t\t\t<\/div>\n\t\t\t\t\t<\/div>\n\t\t<\/div>\n\t\t\t\t\t<\/div>\n\t\t<\/section>\n\t\t\t\t<\/div>","protected":false},"excerpt":{"rendered":"<p>R$10 With R$10.00 a month you become a friend of the caps and contribute monthly to our recycling work and help treat children with cancer. DONATE R$20 With R$20.00 a month you become a friend of the caps and contribute monthly to our recycling work and help treat children with cancer.<\/p>\n<p class=\"read-more\"> <a class=\"\" href=\"https:\/\/tampinhasquecuram.com.br\/en\/seja-um-doador-2\/\"> <span class=\"screen-reader-text\">Be a donor<\/span> Read More \"<\/a><\/p>","protected":false},"author":1,"featured_media":0,"parent":0,"menu_order":0,"comment_status":"closed","ping_status":"closed","template":"","meta":{"site-sidebar-layout":"no-sidebar","site-content-layout":"page-builder","ast-global-header-display":"","ast-main-header-display":"","ast-hfb-above-header-display":"","ast-hfb-below-header-display":"","ast-hfb-mobile-header-display":"","site-post-title":"disabled","ast-breadcrumbs-content":"","ast-featured-img":"disabled","footer-sml-layout":"","theme-transparent-header-meta":"","adv-header-id-meta":"","stick-header-meta":"","header-above-stick-meta":"","header-main-stick-meta":"","header-below-stick-meta":""},"yoast_head":"<!-- This site is optimized with the Yoast SEO plugin v20.7 - https:\/\/yoast.com\/wordpress\/plugins\/seo\/ -->\n<title>Seja um Doador - Tampinhas Que Curam<\/title>\n<meta name=\"robots\" content=\"index, follow, max-snippet:-1, max-image-preview:large, max-video-preview:-1\" \/>\n<link rel=\"canonical\" href=\"https:\/\/tampinhasquecuram.com.br\/en\/seja-um-doador-2\/\" \/>\n<meta property=\"og:locale\" content=\"en_US\" \/>\n<meta property=\"og:type\" content=\"article\" \/>\n<meta property=\"og:title\" content=\"Seja um Doador - Tampinhas Que Curam\" \/>\n<meta property=\"og:description\" content=\"R$10 Com R$10,00 por m\u00eas voc\u00ea se torna um amigo das tampinhas e contribui mensalmente com nossos trabalhos de reciclagem e ajuda no tratamento de crian\u00e7as com c\u00e2ncer. DOAR R$20 Com R$20,00 por m\u00eas voc\u00ea se torna um amigo das tampinhas e contribui mensalmente com nossos trabalhos de reciclagem e ajuda no tratamento de crian\u00e7as &hellip; Seja um Doador Read More &raquo;\" \/>\n<meta property=\"og:url\" content=\"https:\/\/tampinhasquecuram.com.br\/en\/seja-um-doador-2\/\" \/>\n<meta property=\"og:site_name\" content=\"Tampinhas Que Curam\" \/>\n<meta property=\"article:publisher\" content=\"https:\/\/www.facebook.com\/tampinhasquecuram\" \/>\n<meta property=\"article:modified_time\" content=\"2023-07-14T15:45:17+00:00\" \/>\n<meta property=\"og:image\" content=\"http:\/\/tampinhasquecuram.com.br\/wp-content\/uploads\/2023\/05\/ddecorrente.png\" \/>\n<meta name=\"twitter:card\" content=\"summary_large_image\" \/>\n<meta name=\"twitter:label1\" content=\"Est. reading time\" \/>\n\t<meta name=\"twitter:data1\" content=\"2 minutes\" \/>\n<script type=\"application\/ld+json\" class=\"yoast-schema-graph\">{\"@context\":\"https:\/\/schema.org\",\"@graph\":[{\"@type\":\"WebPage\",\"@id\":\"https:\/\/tampinhasquecuram.com.br\/seja-um-doador-2\/\",\"url\":\"https:\/\/tampinhasquecuram.com.br\/seja-um-doador-2\/\",\"name\":\"Seja um Doador - Tampinhas Que Curam\",\"isPartOf\":{\"@id\":\"https:\/\/tampinhasquecuram.com.br\/#website\"},\"datePublished\":\"2023-07-05T18:59:17+00:00\",\"dateModified\":\"2023-07-14T15:45:17+00:00\",\"breadcrumb\":{\"@id\":\"https:\/\/tampinhasquecuram.com.br\/seja-um-doador-2\/#breadcrumb\"},\"inLanguage\":\"en-US\",\"potentialAction\":[{\"@type\":\"ReadAction\",\"target\":[\"https:\/\/tampinhasquecuram.com.br\/seja-um-doador-2\/\"]}]},{\"@type\":\"BreadcrumbList\",\"@id\":\"https:\/\/tampinhasquecuram.com.br\/seja-um-doador-2\/#breadcrumb\",\"itemListElement\":[{\"@type\":\"ListItem\",\"position\":1,\"name\":\"In\u00edcio\",\"item\":\"https:\/\/tampinhasquecuram.com.br\/\"},{\"@type\":\"ListItem\",\"position\":2,\"name\":\"Seja um Doador\"}]},{\"@type\":\"WebSite\",\"@id\":\"https:\/\/tampinhasquecuram.com.br\/#website\",\"url\":\"https:\/\/tampinhasquecuram.com.br\/\",\"name\":\"Tampinhas que Curam\",\"description\":\"Junte-se a N\u00f3s Nessa Causa Solid\u00e1ria\",\"publisher\":{\"@id\":\"https:\/\/tampinhasquecuram.com.br\/#organization\"},\"alternateName\":\"Tampinhas que Curam\",\"potentialAction\":[{\"@type\":\"SearchAction\",\"target\":{\"@type\":\"EntryPoint\",\"urlTemplate\":\"https:\/\/tampinhasquecuram.com.br\/?s={search_term_string}\"},\"query-input\":\"required name=search_term_string\"}],\"inLanguage\":\"en-US\"},{\"@type\":\"Organization\",\"@id\":\"https:\/\/tampinhasquecuram.com.br\/#organization\",\"name\":\"Tampinhas que Curam\",\"alternateName\":\"Tampinhas que Curam\",\"url\":\"https:\/\/tampinhasquecuram.com.br\/\",\"logo\":{\"@type\":\"ImageObject\",\"inLanguage\":\"en-US\",\"@id\":\"https:\/\/tampinhasquecuram.com.br\/#\/schema\/logo\/image\/\",\"url\":\"http:\/\/tampinhasquecuram.com.br\/wp-content\/uploads\/2023\/04\/icone-imagem-em-destaque.png\",\"contentUrl\":\"http:\/\/tampinhasquecuram.com.br\/wp-content\/uploads\/2023\/04\/icone-imagem-em-destaque.png\",\"width\":512,\"height\":513,\"caption\":\"Tampinhas que Curam\"},\"image\":{\"@id\":\"https:\/\/tampinhasquecuram.com.br\/#\/schema\/logo\/image\/\"},\"sameAs\":[\"https:\/\/www.facebook.com\/tampinhasquecuram\",\"https:\/\/www.instagram.com\/tampinhasquecuram\/\"]}]}<\/script>\n<!-- \/ Yoast SEO plugin. -->","yoast_head_json":{"title":"Seja um Doador - Tampinhas Que Curam","robots":{"index":"index","follow":"follow","max-snippet":"max-snippet:-1","max-image-preview":"max-image-preview:large","max-video-preview":"max-video-preview:-1"},"canonical":"https:\/\/tampinhasquecuram.com.br\/en\/seja-um-doador-2\/","og_locale":"en_US","og_type":"article","og_title":"Seja um Doador - Tampinhas Que Curam","og_description":"R$10 Com R$10,00 por m\u00eas voc\u00ea se torna um amigo das tampinhas e contribui mensalmente com nossos trabalhos de reciclagem e ajuda no tratamento de crian\u00e7as com c\u00e2ncer. DOAR R$20 Com R$20,00 por m\u00eas voc\u00ea se torna um amigo das tampinhas e contribui mensalmente com nossos trabalhos de reciclagem e ajuda no tratamento de crian\u00e7as &hellip; Seja um Doador Read More &raquo;","og_url":"https:\/\/tampinhasquecuram.com.br\/en\/seja-um-doador-2\/","og_site_name":"Tampinhas Que Curam","article_publisher":"https:\/\/www.facebook.com\/tampinhasquecuram","article_modified_time":"2023-07-14T15:45:17+00:00","og_image":[{"url":"http:\/\/tampinhasquecuram.com.br\/wp-content\/uploads\/2023\/05\/ddecorrente.png"}],"twitter_card":"summary_large_image","twitter_misc":{"Est. reading time":"2 minutes"},"schema":{"@context":"https:\/\/schema.org","@graph":[{"@type":"WebPage","@id":"https:\/\/tampinhasquecuram.com.br\/seja-um-doador-2\/","url":"https:\/\/tampinhasquecuram.com.br\/seja-um-doador-2\/","name":"Seja um Doador - Tampinhas Que Curam","isPartOf":{"@id":"https:\/\/tampinhasquecuram.com.br\/#website"},"datePublished":"2023-07-05T18:59:17+00:00","dateModified":"2023-07-14T15:45:17+00:00","breadcrumb":{"@id":"https:\/\/tampinhasquecuram.com.br\/seja-um-doador-2\/#breadcrumb"},"inLanguage":"en-US","potentialAction":[{"@type":"ReadAction","target":["https:\/\/tampinhasquecuram.com.br\/seja-um-doador-2\/"]}]},{"@type":"BreadcrumbList","@id":"https:\/\/tampinhasquecuram.com.br\/seja-um-doador-2\/#breadcrumb","itemListElement":[{"@type":"ListItem","position":1,"name":"In\u00edcio","item":"https:\/\/tampinhasquecuram.com.br\/"},{"@type":"ListItem","position":2,"name":"Seja um Doador"}]},{"@type":"WebSite","@id":"https:\/\/tampinhasquecuram.com.br\/#website","url":"https:\/\/tampinhasquecuram.com.br\/","name":"Tampinhas que Curam","description":"Junte-se a N\u00f3s Nessa Causa Solid\u00e1ria","publisher":{"@id":"https:\/\/tampinhasquecuram.com.br\/#organization"},"alternateName":"Tampinhas que Curam","potentialAction":[{"@type":"SearchAction","target":{"@type":"EntryPoint","urlTemplate":"https:\/\/tampinhasquecuram.com.br\/?s={search_term_string}"},"query-input":"required name=search_term_string"}],"inLanguage":"en-US"},{"@type":"Organization","@id":"https:\/\/tampinhasquecuram.com.br\/#organization","name":"Tampinhas que Curam","alternateName":"Tampinhas que Curam","url":"https:\/\/tampinhasquecuram.com.br\/","logo":{"@type":"ImageObject","inLanguage":"en-US","@id":"https:\/\/tampinhasquecuram.com.br\/#\/schema\/logo\/image\/","url":"http:\/\/tampinhasquecuram.com.br\/wp-content\/uploads\/2023\/04\/icone-imagem-em-destaque.png","contentUrl":"http:\/\/tampinhasquecuram.com.br\/wp-content\/uploads\/2023\/04\/icone-imagem-em-destaque.png","width":512,"height":513,"caption":"Tampinhas que Curam"},"image":{"@id":"https:\/\/tampinhasquecuram.com.br\/#\/schema\/logo\/image\/"},"sameAs":["https:\/\/www.facebook.com\/tampinhasquecuram","https:\/\/www.instagram.com\/tampinhasquecuram\/"]}]}},"_links":{"self":[{"href":"https:\/\/tampinhasquecuram.com.br\/en\/wp-json\/wp\/v2\/pages\/2776"}],"collection":[{"href":"https:\/\/tampinhasquecuram.com.br\/en\/wp-json\/wp\/v2\/pages"}],"about":[{"href":"https:\/\/tampinhasquecuram.com.br\/en\/wp-json\/wp\/v2\/types\/page"}],"author":[{"embeddable":true,"href":"https:\/\/tampinhasquecuram.com.br\/en\/wp-json\/wp\/v2\/users\/1"}],"replies":[{"embeddable":true,"href":"https:\/\/tampinhasquecuram.com.br\/en\/wp-json\/wp\/v2\/comments?post=2776"}],"version-history":[{"count":34,"href":"https:\/\/tampinhasquecuram.com.br\/en\/wp-json\/wp\/v2\/pages\/2776\/revisions"}],"predecessor-version":[{"id":2822,"href":"https:\/\/tampinhasquecuram.com.br\/en\/wp-json\/wp\/v2\/pages\/2776\/revisions\/2822"}],"wp:attachment":[{"href":"https:\/\/tampinhasquecuram.com.br\/en\/wp-json\/wp\/v2\/media?parent=2776"}],"curies":[{"name":"wp","href":"https:\/\/api.w.org\/{rel}","templated":true}]}}