{"id":4238,"date":"2026-05-13T15:57:49","date_gmt":"2026-05-13T18:57:49","guid":{"rendered":"https:\/\/tampinhasquecuram.com.br\/?page_id=4238"},"modified":"2026-05-13T16:04:22","modified_gmt":"2026-05-13T19:04:22","slug":"nucleo-educativo","status":"publish","type":"page","link":"https:\/\/tampinhasquecuram.com.br\/en\/nucleo-educativo\/","title":{"rendered":"N\u00facleo Educativo"},"content":{"rendered":"<div data-elementor-type=\"wp-page\" data-elementor-id=\"4238\" class=\"elementor elementor-4238\">\n\t\t\t\t\t\t<section class=\"elementor-section elementor-top-section elementor-element elementor-element-e9d9b3d elementor-section-height-min-height elementor-section-boxed elementor-section-height-default elementor-section-items-middle exad-glass-effect-no exad-sticky-section-no\" data-id=\"e9d9b3d\" data-element_type=\"section\" data-settings=\"{&quot;background_background&quot;:&quot;classic&quot;}\">\n\t\t\t\t\t\t\t<div class=\"elementor-background-overlay\"><\/div>\n\t\t\t\t\t\t\t<div class=\"elementor-container elementor-column-gap-default\">\n\t\t\t\t\t<div class=\"elementor-column elementor-col-100 elementor-top-column elementor-element elementor-element-7d82a00 exad-glass-effect-no exad-sticky-section-no\" data-id=\"7d82a00\" data-element_type=\"column\">\n\t\t\t<div class=\"elementor-widget-wrap elementor-element-populated\">\n\t\t\t\t\t\t<div class=\"elementor-element elementor-element-c772dea exad-sticky-section-no exad-glass-effect-no elementor-widget elementor-widget-elementskit-heading\" data-id=\"c772dea\" data-element_type=\"widget\" data-widget_type=\"elementskit-heading.default\">\n\t\t\t\t<div class=\"elementor-widget-container\">\n\t\t\t<div class=\"ekit-wid-con\" ><div class=\"ekit-heading elementskit-section-title-wraper text_center   ekit_heading_tablet-text_center   ekit_heading_mobile-text_center\"><\/div><\/div>\t\t<\/div>\n\t\t\t\t<\/div>\n\t\t\t\t\t<\/div>\n\t\t<\/div>\n\t\t\t\t\t<\/div>\n\t\t<\/section>\n\t\t\t\t<section class=\"elementor-section elementor-top-section elementor-element elementor-element-d039ef2 elementor-section-boxed elementor-section-height-default elementor-section-height-default exad-glass-effect-no exad-sticky-section-no\" data-id=\"d039ef2\" data-element_type=\"section\">\n\t\t\t\t\t\t<div class=\"elementor-container elementor-column-gap-default\">\n\t\t\t\t\t<div class=\"elementor-column elementor-col-100 elementor-top-column elementor-element elementor-element-2e70c9e exad-glass-effect-no exad-sticky-section-no\" data-id=\"2e70c9e\" data-element_type=\"column\">\n\t\t\t<div class=\"elementor-widget-wrap elementor-element-populated\">\n\t\t\t\t\t\t<div class=\"elementor-element elementor-element-cf32106 elementor-widget__width-auto elementor-absolute elementor-hidden-tablet elementor-hidden-phone animated-slow exad-sticky-section-no exad-glass-effect-no elementor-invisible elementor-widget elementor-widget-elementskit-heading\" data-id=\"cf32106\" data-element_type=\"widget\" data-settings=\"{&quot;_position&quot;:&quot;absolute&quot;,&quot;_animation&quot;:&quot;fadeInUp&quot;}\" data-widget_type=\"elementskit-heading.default\">\n\t\t\t\t<div class=\"elementor-widget-container\">\n\t\t\t<div class=\"ekit-wid-con\" ><div class=\"ekit-heading elementskit-section-title-wraper text_center   ekit_heading_tablet-   ekit_heading_mobile-\"><h2 class=\"ekit-heading--title elementskit-section-title\">Projeto<\/h2><\/div><\/div>\t\t<\/div>\n\t\t\t\t<\/div>\n\t\t\t\t<section class=\"elementor-section elementor-inner-section elementor-element elementor-element-5207eb6 animated-slow elementor-section-boxed elementor-section-height-default elementor-section-height-default exad-glass-effect-no exad-sticky-section-no elementor-invisible\" data-id=\"5207eb6\" data-element_type=\"section\" data-settings=\"{&quot;animation&quot;:&quot;fadeInUp&quot;}\">\n\t\t\t\t\t\t<div class=\"elementor-container elementor-column-gap-default\">\n\t\t\t\t\t<div class=\"elementor-column elementor-col-100 elementor-inner-column elementor-element elementor-element-5395619 exad-glass-effect-no exad-sticky-section-no\" data-id=\"5395619\" data-element_type=\"column\">\n\t\t\t<div class=\"elementor-widget-wrap elementor-element-populated\">\n\t\t\t\t\t\t<div class=\"elementor-element elementor-element-f1f6b9e exad-sticky-section-no exad-glass-effect-no elementor-widget elementor-widget-elementskit-heading\" data-id=\"f1f6b9e\" data-element_type=\"widget\" data-widget_type=\"elementskit-heading.default\">\n\t\t\t\t<div class=\"elementor-widget-container\">\n\t\t\t<div class=\"ekit-wid-con\" ><div class=\"ekit-heading elementskit-section-title-wraper text_center   ekit_heading_tablet-   ekit_heading_mobile-\"><h3 class=\"elementskit-section-subtitle\">\n\t\t\t\t\t\tN\u00facleo Educativo de\n\t\t\t\t\t<\/h3><h2 class=\"ekit-heading--title elementskit-section-title\">Reciclagem<\/h2>\t\t\t\t<div class='ekit-heading__description'>\n\t\t\t\t\t<p>O projeto N\u00facleo Educativo Tampinhas que curam, em parceria com o SVMA\/UMAPAZ, termo de fomento n\u00b0007\/SVMA\/2025, \u00a0que prev\u00ea a cria\u00e7\u00e3o de um n\u00facleo educativo de reciclagem, utilizando equipamentos espec\u00edficos para a transforma\u00e7\u00e3o de pl\u00e1stico e promovendo oficinas de conscientiza\u00e7\u00e3o, capacita\u00e7\u00e3o e gera\u00e7\u00e3o de renda com foco na sustentabilidade, conforma plano de trabalho, no valor de R$ 50.000.<\/p>\n\t\t\t\t<\/div>\n\t\t\t<\/div><\/div>\t\t<\/div>\n\t\t\t\t<\/div>\n\t\t\t\t\t<\/div>\n\t\t<\/div>\n\t\t\t\t\t<\/div>\n\t\t<\/section>\n\t\t\t\t<section class=\"elementor-section elementor-inner-section elementor-element elementor-element-2390ab3 elementor-section-boxed elementor-section-height-default elementor-section-height-default exad-glass-effect-no exad-sticky-section-no\" data-id=\"2390ab3\" data-element_type=\"section\">\n\t\t\t\t\t\t<div class=\"elementor-container elementor-column-gap-default\">\n\t\t\t\t\t<div class=\"elementor-column elementor-col-100 elementor-inner-column elementor-element elementor-element-b3b046a exad-glass-effect-no exad-sticky-section-no\" data-id=\"b3b046a\" data-element_type=\"column\">\n\t\t\t<div class=\"elementor-widget-wrap elementor-element-populated\">\n\t\t\t\t\t\t<div class=\"elementor-element elementor-element-0cf6b59 exad-sticky-section-no exad-glass-effect-no elementor-widget elementor-widget-elementskit-heading\" data-id=\"0cf6b59\" data-element_type=\"widget\" data-widget_type=\"elementskit-heading.default\">\n\t\t\t\t<div class=\"elementor-widget-container\">\n\t\t\t<div class=\"ekit-wid-con\" ><div class=\"ekit-heading elementskit-section-title-wraper text_center   ekit_heading_tablet-   ekit_heading_mobile-\"><h2 class=\"ekit-heading--title elementskit-section-title\">Como participar<\/h2>\t\t\t\t<div class='ekit-heading__description'>\n\t\t\t\t\t<p class=\"isSelectedEnd\">Sua escola tamb\u00e9m pode fazer parte do projeto <strong>N\u00facleo Educativo<\/strong>!<br \/>Cadastre sua institui\u00e7\u00e3o no link abaixo e participe oficina de reciclagem<\/p>\n<p>\ud83d\udc49 Preencha o formul\u00e1rio de cadastro e aguarde nosso contato.<\/p>\n<p><a href=\"https:\/\/tampinhasquecuram.com.br\/en\/solicitacao-de-oficina\/\">Solicite sua oficina aqui<\/a><\/p>\n<p>\u00a0<\/p>\n\t\t\t\t<\/div>\n\t\t\t<\/div><\/div>\t\t<\/div>\n\t\t\t\t<\/div>\n\t\t\t\t\t<\/div>\n\t\t<\/div>\n\t\t\t\t\t<\/div>\n\t\t<\/section>\n\t\t\t\t<section class=\"elementor-section elementor-inner-section elementor-element elementor-element-6a8ea59 elementor-section-boxed elementor-section-height-default elementor-section-height-default exad-glass-effect-no exad-sticky-section-no\" data-id=\"6a8ea59\" data-element_type=\"section\">\n\t\t\t\t\t\t<div class=\"elementor-container elementor-column-gap-default\">\n\t\t\t\t\t<div class=\"elementor-column elementor-col-50 elementor-inner-column elementor-element elementor-element-49222fa exad-glass-effect-no exad-sticky-section-no\" data-id=\"49222fa\" data-element_type=\"column\">\n\t\t\t<div class=\"elementor-widget-wrap elementor-element-populated\">\n\t\t\t\t\t\t<div class=\"elementor-element elementor-element-5ed168f animated-slow ekit-equal-height-enable exad-sticky-section-no exad-glass-effect-no elementor-invisible elementor-widget elementor-widget-elementskit-icon-box\" data-id=\"5ed168f\" data-element_type=\"widget\" data-settings=\"{&quot;_animation&quot;:&quot;fadeInUp&quot;,&quot;_animation_delay&quot;:&quot;300&quot;}\" data-widget_type=\"elementskit-icon-box.default\">\n\t\t\t\t<div class=\"elementor-widget-container\">\n\t\t\t<div class=\"ekit-wid-con\" >        <!-- link opening -->\n                <!-- end link opening -->\n\n        <div class=\"elementskit-infobox text-center text- icon-lef-right-aligin elementor-animation-\">\n                            <div class=\"elementskit-box-header\">\n                <div class=\"elementskit-info-box-icon text-center\">\n                    <img fetchpriority=\"high\" decoding=\"async\" width=\"900\" height=\"787\" src=\"https:\/\/tampinhasquecuram.com.br\/wp-content\/uploads\/2026\/05\/WhatsApp-Image-2026-04-27-at-16.46.17-1.jpeg\" class=\"attachment- size-\" alt=\"\" srcset=\"https:\/\/tampinhasquecuram.com.br\/wp-content\/uploads\/2026\/05\/WhatsApp-Image-2026-04-27-at-16.46.17-1.jpeg 900w, https:\/\/tampinhasquecuram.com.br\/wp-content\/uploads\/2026\/05\/WhatsApp-Image-2026-04-27-at-16.46.17-1-300x262.jpeg 300w, https:\/\/tampinhasquecuram.com.br\/wp-content\/uploads\/2026\/05\/WhatsApp-Image-2026-04-27-at-16.46.17-1-768x672.jpeg 768w, https:\/\/tampinhasquecuram.com.br\/wp-content\/uploads\/2026\/05\/WhatsApp-Image-2026-04-27-at-16.46.17-1-14x12.jpeg 14w, https:\/\/tampinhasquecuram.com.br\/wp-content\/uploads\/2026\/05\/WhatsApp-Image-2026-04-27-at-16.46.17-1-600x525.jpeg 600w\" sizes=\"(max-width: 900px) 100vw, 900px\" \/>                <\/div>\n          <\/div>\n                <div class=\"box-body\">\n                                            <\/div>\n        \n        \n                <\/div>\n        <\/div>\t\t<\/div>\n\t\t\t\t<\/div>\n\t\t\t\t\t<\/div>\n\t\t<\/div>\n\t\t\t\t<div class=\"elementor-column elementor-col-50 elementor-inner-column elementor-element elementor-element-9199f13 exad-glass-effect-no exad-sticky-section-no\" data-id=\"9199f13\" data-element_type=\"column\">\n\t\t\t<div class=\"elementor-widget-wrap elementor-element-populated\">\n\t\t\t\t\t\t<div class=\"elementor-element elementor-element-a86a8ba animated-slow ekit-equal-height-enable exad-sticky-section-no exad-glass-effect-no elementor-invisible elementor-widget elementor-widget-elementskit-icon-box\" data-id=\"a86a8ba\" data-element_type=\"widget\" data-settings=\"{&quot;_animation&quot;:&quot;fadeInUp&quot;,&quot;_animation_delay&quot;:&quot;300&quot;}\" data-widget_type=\"elementskit-icon-box.default\">\n\t\t\t\t<div class=\"elementor-widget-container\">\n\t\t\t<div class=\"ekit-wid-con\" >        <!-- link opening -->\n                <!-- end link opening -->\n\n        <div class=\"elementskit-infobox text-center text- icon-lef-right-aligin elementor-animation-\">\n                            <div class=\"elementskit-box-header\">\n                <div class=\"elementskit-info-box-icon text-center\">\n                    <img decoding=\"async\" width=\"900\" height=\"871\" src=\"https:\/\/tampinhasquecuram.com.br\/wp-content\/uploads\/2026\/05\/WhatsApp-Image-2026-04-27-at-16.46.33-1-1.jpeg\" class=\"attachment- size-\" alt=\"\" srcset=\"https:\/\/tampinhasquecuram.com.br\/wp-content\/uploads\/2026\/05\/WhatsApp-Image-2026-04-27-at-16.46.33-1-1.jpeg 900w, https:\/\/tampinhasquecuram.com.br\/wp-content\/uploads\/2026\/05\/WhatsApp-Image-2026-04-27-at-16.46.33-1-1-300x290.jpeg 300w, https:\/\/tampinhasquecuram.com.br\/wp-content\/uploads\/2026\/05\/WhatsApp-Image-2026-04-27-at-16.46.33-1-1-768x743.jpeg 768w, https:\/\/tampinhasquecuram.com.br\/wp-content\/uploads\/2026\/05\/WhatsApp-Image-2026-04-27-at-16.46.33-1-1-12x12.jpeg 12w, https:\/\/tampinhasquecuram.com.br\/wp-content\/uploads\/2026\/05\/WhatsApp-Image-2026-04-27-at-16.46.33-1-1-600x581.jpeg 600w\" sizes=\"(max-width: 900px) 100vw, 900px\" \/>                <\/div>\n          <\/div>\n                <div class=\"box-body\">\n                                            <\/div>\n        \n        \n                <\/div>\n        <\/div>\t\t<\/div>\n\t\t\t\t<\/div>\n\t\t\t\t\t<\/div>\n\t\t<\/div>\n\t\t\t\t\t<\/div>\n\t\t<\/section>\n\t\t\t\t\t<\/div>\n\t\t<\/div>\n\t\t\t\t\t<\/div>\n\t\t<\/section>\n\t\t\t\t<\/div>","protected":false},"excerpt":{"rendered":"<p>Projeto N\u00facleo Educativo de Reciclagem O projeto N\u00facleo Educativo Tampinhas que curam, em parceria com o SVMA\/UMAPAZ, termo de fomento n\u00b0007\/SVMA\/2025, \u00a0que prev\u00ea a cria\u00e7\u00e3o de um n\u00facleo educativo de reciclagem, utilizando equipamentos espec\u00edficos para a transforma\u00e7\u00e3o de pl\u00e1stico e promovendo oficinas de conscientiza\u00e7\u00e3o, capacita\u00e7\u00e3o e gera\u00e7\u00e3o de renda com foco na sustentabilidade, conforma plano &hellip;<\/p>\n<p class=\"read-more\"> <a class=\"\" href=\"https:\/\/tampinhasquecuram.com.br\/en\/nucleo-educativo\/\"> <span class=\"screen-reader-text\">N\u00facleo Educativo<\/span> Read More \"<\/a><\/p>","protected":false},"author":1,"featured_media":0,"parent":0,"menu_order":0,"comment_status":"closed","ping_status":"closed","template":"elementor_header_footer","meta":{"site-sidebar-layout":"no-sidebar","site-content-layout":"page-builder","ast-global-header-display":"","ast-main-header-display":"","ast-hfb-above-header-display":"","ast-hfb-below-header-display":"","ast-hfb-mobile-header-display":"","site-post-title":"disabled","ast-breadcrumbs-content":"","ast-featured-img":"disabled","footer-sml-layout":"","theme-transparent-header-meta":"","adv-header-id-meta":"","stick-header-meta":"","header-above-stick-meta":"","header-main-stick-meta":"","header-below-stick-meta":""},"yoast_head":"<!-- This site is optimized with the Yoast SEO plugin v20.7 - https:\/\/yoast.com\/wordpress\/plugins\/seo\/ -->\n<title>N\u00facleo Educativo - Tampinhas Que Curam<\/title>\n<meta name=\"robots\" content=\"index, follow, max-snippet:-1, max-image-preview:large, max-video-preview:-1\" \/>\n<link rel=\"canonical\" href=\"https:\/\/tampinhasquecuram.com.br\/en\/nucleo-educativo\/\" \/>\n<meta property=\"og:locale\" content=\"en_US\" \/>\n<meta property=\"og:type\" content=\"article\" \/>\n<meta property=\"og:title\" content=\"N\u00facleo Educativo - Tampinhas Que Curam\" \/>\n<meta property=\"og:description\" content=\"Projeto N\u00facleo Educativo de Reciclagem O projeto N\u00facleo Educativo Tampinhas que curam, em parceria com o SVMA\/UMAPAZ, termo de fomento n\u00b0007\/SVMA\/2025, \u00a0que prev\u00ea a cria\u00e7\u00e3o de um n\u00facleo educativo de reciclagem, utilizando equipamentos espec\u00edficos para a transforma\u00e7\u00e3o de pl\u00e1stico e promovendo oficinas de conscientiza\u00e7\u00e3o, capacita\u00e7\u00e3o e gera\u00e7\u00e3o de renda com foco na sustentabilidade, conforma plano &hellip; N\u00facleo Educativo Read More &raquo;\" \/>\n<meta property=\"og:url\" content=\"https:\/\/tampinhasquecuram.com.br\/en\/nucleo-educativo\/\" \/>\n<meta property=\"og:site_name\" content=\"Tampinhas Que Curam\" \/>\n<meta property=\"article:publisher\" content=\"https:\/\/www.facebook.com\/tampinhasquecuram\" \/>\n<meta property=\"article:modified_time\" content=\"2026-05-13T19:04:22+00:00\" \/>\n<meta property=\"og:image\" content=\"http:\/\/tampinhasquecuram.com.br\/wp-content\/uploads\/2026\/05\/WhatsApp-Image-2026-04-27-at-16.46.17-1.jpeg\" \/>\n<meta name=\"twitter:card\" content=\"summary_large_image\" \/>\n<meta name=\"twitter:label1\" content=\"Est. reading time\" \/>\n\t<meta name=\"twitter:data1\" content=\"1 minute\" \/>\n<script type=\"application\/ld+json\" class=\"yoast-schema-graph\">{\"@context\":\"https:\/\/schema.org\",\"@graph\":[{\"@type\":\"WebPage\",\"@id\":\"https:\/\/tampinhasquecuram.com.br\/nucleo-educativo\/\",\"url\":\"https:\/\/tampinhasquecuram.com.br\/nucleo-educativo\/\",\"name\":\"N\u00facleo Educativo - Tampinhas Que Curam\",\"isPartOf\":{\"@id\":\"https:\/\/tampinhasquecuram.com.br\/#website\"},\"datePublished\":\"2026-05-13T18:57:49+00:00\",\"dateModified\":\"2026-05-13T19:04:22+00:00\",\"breadcrumb\":{\"@id\":\"https:\/\/tampinhasquecuram.com.br\/nucleo-educativo\/#breadcrumb\"},\"inLanguage\":\"en-US\",\"potentialAction\":[{\"@type\":\"ReadAction\",\"target\":[\"https:\/\/tampinhasquecuram.com.br\/nucleo-educativo\/\"]}]},{\"@type\":\"BreadcrumbList\",\"@id\":\"https:\/\/tampinhasquecuram.com.br\/nucleo-educativo\/#breadcrumb\",\"itemListElement\":[{\"@type\":\"ListItem\",\"position\":1,\"name\":\"In\u00edcio\",\"item\":\"https:\/\/tampinhasquecuram.com.br\/\"},{\"@type\":\"ListItem\",\"position\":2,\"name\":\"N\u00facleo Educativo\"}]},{\"@type\":\"WebSite\",\"@id\":\"https:\/\/tampinhasquecuram.com.br\/#website\",\"url\":\"https:\/\/tampinhasquecuram.com.br\/\",\"name\":\"Tampinhas que Curam\",\"description\":\"Junte-se a N\u00f3s Nessa Causa Solid\u00e1ria\",\"publisher\":{\"@id\":\"https:\/\/tampinhasquecuram.com.br\/#organization\"},\"alternateName\":\"Tampinhas que Curam\",\"potentialAction\":[{\"@type\":\"SearchAction\",\"target\":{\"@type\":\"EntryPoint\",\"urlTemplate\":\"https:\/\/tampinhasquecuram.com.br\/?s={search_term_string}\"},\"query-input\":\"required name=search_term_string\"}],\"inLanguage\":\"en-US\"},{\"@type\":\"Organization\",\"@id\":\"https:\/\/tampinhasquecuram.com.br\/#organization\",\"name\":\"Tampinhas que Curam\",\"alternateName\":\"Tampinhas que Curam\",\"url\":\"https:\/\/tampinhasquecuram.com.br\/\",\"logo\":{\"@type\":\"ImageObject\",\"inLanguage\":\"en-US\",\"@id\":\"https:\/\/tampinhasquecuram.com.br\/#\/schema\/logo\/image\/\",\"url\":\"http:\/\/tampinhasquecuram.com.br\/wp-content\/uploads\/2023\/04\/icone-imagem-em-destaque.png\",\"contentUrl\":\"http:\/\/tampinhasquecuram.com.br\/wp-content\/uploads\/2023\/04\/icone-imagem-em-destaque.png\",\"width\":512,\"height\":513,\"caption\":\"Tampinhas que Curam\"},\"image\":{\"@id\":\"https:\/\/tampinhasquecuram.com.br\/#\/schema\/logo\/image\/\"},\"sameAs\":[\"https:\/\/www.facebook.com\/tampinhasquecuram\",\"https:\/\/www.instagram.com\/tampinhasquecuram\/\"]}]}<\/script>\n<!-- \/ Yoast SEO plugin. -->","yoast_head_json":{"title":"N\u00facleo Educativo - Tampinhas Que Curam","robots":{"index":"index","follow":"follow","max-snippet":"max-snippet:-1","max-image-preview":"max-image-preview:large","max-video-preview":"max-video-preview:-1"},"canonical":"https:\/\/tampinhasquecuram.com.br\/en\/nucleo-educativo\/","og_locale":"en_US","og_type":"article","og_title":"N\u00facleo Educativo - Tampinhas Que Curam","og_description":"Projeto N\u00facleo Educativo de Reciclagem O projeto N\u00facleo Educativo Tampinhas que curam, em parceria com o SVMA\/UMAPAZ, termo de fomento n\u00b0007\/SVMA\/2025, \u00a0que prev\u00ea a cria\u00e7\u00e3o de um n\u00facleo educativo de reciclagem, utilizando equipamentos espec\u00edficos para a transforma\u00e7\u00e3o de pl\u00e1stico e promovendo oficinas de conscientiza\u00e7\u00e3o, capacita\u00e7\u00e3o e gera\u00e7\u00e3o de renda com foco na sustentabilidade, conforma plano &hellip; N\u00facleo Educativo Read More &raquo;","og_url":"https:\/\/tampinhasquecuram.com.br\/en\/nucleo-educativo\/","og_site_name":"Tampinhas Que Curam","article_publisher":"https:\/\/www.facebook.com\/tampinhasquecuram","article_modified_time":"2026-05-13T19:04:22+00:00","og_image":[{"url":"http:\/\/tampinhasquecuram.com.br\/wp-content\/uploads\/2026\/05\/WhatsApp-Image-2026-04-27-at-16.46.17-1.jpeg"}],"twitter_card":"summary_large_image","twitter_misc":{"Est. reading time":"1 minute"},"schema":{"@context":"https:\/\/schema.org","@graph":[{"@type":"WebPage","@id":"https:\/\/tampinhasquecuram.com.br\/nucleo-educativo\/","url":"https:\/\/tampinhasquecuram.com.br\/nucleo-educativo\/","name":"N\u00facleo Educativo - Tampinhas Que Curam","isPartOf":{"@id":"https:\/\/tampinhasquecuram.com.br\/#website"},"datePublished":"2026-05-13T18:57:49+00:00","dateModified":"2026-05-13T19:04:22+00:00","breadcrumb":{"@id":"https:\/\/tampinhasquecuram.com.br\/nucleo-educativo\/#breadcrumb"},"inLanguage":"en-US","potentialAction":[{"@type":"ReadAction","target":["https:\/\/tampinhasquecuram.com.br\/nucleo-educativo\/"]}]},{"@type":"BreadcrumbList","@id":"https:\/\/tampinhasquecuram.com.br\/nucleo-educativo\/#breadcrumb","itemListElement":[{"@type":"ListItem","position":1,"name":"In\u00edcio","item":"https:\/\/tampinhasquecuram.com.br\/"},{"@type":"ListItem","position":2,"name":"N\u00facleo Educativo"}]},{"@type":"WebSite","@id":"https:\/\/tampinhasquecuram.com.br\/#website","url":"https:\/\/tampinhasquecuram.com.br\/","name":"Tampons that Heal","description":"Join Us In This Solidarity Cause","publisher":{"@id":"https:\/\/tampinhasquecuram.com.br\/#organization"},"alternateName":"Tampinhas que Curam","potentialAction":[{"@type":"SearchAction","target":{"@type":"EntryPoint","urlTemplate":"https:\/\/tampinhasquecuram.com.br\/?s={search_term_string}"},"query-input":"required name=search_term_string"}],"inLanguage":"en-US"},{"@type":"Organization","@id":"https:\/\/tampinhasquecuram.com.br\/#organization","name":"Tampons that Heal","alternateName":"Tampinhas que Curam","url":"https:\/\/tampinhasquecuram.com.br\/","logo":{"@type":"ImageObject","inLanguage":"en-US","@id":"https:\/\/tampinhasquecuram.com.br\/#\/schema\/logo\/image\/","url":"http:\/\/tampinhasquecuram.com.br\/wp-content\/uploads\/2023\/04\/icone-imagem-em-destaque.png","contentUrl":"http:\/\/tampinhasquecuram.com.br\/wp-content\/uploads\/2023\/04\/icone-imagem-em-destaque.png","width":512,"height":513,"caption":"Tampinhas que Curam"},"image":{"@id":"https:\/\/tampinhasquecuram.com.br\/#\/schema\/logo\/image\/"},"sameAs":["https:\/\/www.facebook.com\/tampinhasquecuram","https:\/\/www.instagram.com\/tampinhasquecuram\/"]}]}},"_links":{"self":[{"href":"https:\/\/tampinhasquecuram.com.br\/en\/wp-json\/wp\/v2\/pages\/4238"}],"collection":[{"href":"https:\/\/tampinhasquecuram.com.br\/en\/wp-json\/wp\/v2\/pages"}],"about":[{"href":"https:\/\/tampinhasquecuram.com.br\/en\/wp-json\/wp\/v2\/types\/page"}],"author":[{"embeddable":true,"href":"https:\/\/tampinhasquecuram.com.br\/en\/wp-json\/wp\/v2\/users\/1"}],"replies":[{"embeddable":true,"href":"https:\/\/tampinhasquecuram.com.br\/en\/wp-json\/wp\/v2\/comments?post=4238"}],"version-history":[{"count":6,"href":"https:\/\/tampinhasquecuram.com.br\/en\/wp-json\/wp\/v2\/pages\/4238\/revisions"}],"predecessor-version":[{"id":4248,"href":"https:\/\/tampinhasquecuram.com.br\/en\/wp-json\/wp\/v2\/pages\/4238\/revisions\/4248"}],"wp:attachment":[{"href":"https:\/\/tampinhasquecuram.com.br\/en\/wp-json\/wp\/v2\/media?parent=4238"}],"curies":[{"name":"wp","href":"https:\/\/api.w.org\/{rel}","templated":true}]}}