{"id":3084,"date":"2024-06-21T10:12:49","date_gmt":"2024-06-21T13:12:49","guid":{"rendered":"https:\/\/tampinhasquecuram.com.br\/?post_type=product&#038;p=3084"},"modified":"2026-04-06T12:51:09","modified_gmt":"2026-04-06T15:51:09","slug":"camiseta-algodao-laranja-voluntario-unisexx","status":"publish","type":"product","link":"https:\/\/tampinhasquecuram.com.br\/en\/product\/camiseta-algodao-laranja-voluntario-unisexx\/","title":{"rendered":"Camiseta Algod\u00e3o Laranja &#8211; Volunt\u00e1rio &#8211; Unissex"},"content":{"rendered":"<p>Camiseta Algod\u00e3o Laranja &#8211; Volunt\u00e1rio &#8211; Unissex<\/p>\n<ul>\n<li>Fabric: 100% Cotton 30.1 Combed Yarn<\/li>\n<li>Standard collar<\/li>\n<\/ul>","protected":false},"excerpt":{"rendered":"<p>Camiseta Algod\u00e3o Laranja &#8211; Volunt\u00e1rio &#8211; Unissex Tecido: 100% algod\u00e3o Fio Penteado 30.1 Gola padr\u00e3o<\/p>","protected":false},"featured_media":3114,"comment_status":"open","ping_status":"closed","template":"","meta":{"site-sidebar-layout":"default","site-content-layout":"default","ast-global-header-display":"","ast-main-header-display":"","ast-hfb-above-header-display":"","ast-hfb-below-header-display":"","ast-hfb-mobile-header-display":"","site-post-title":"","ast-breadcrumbs-content":"","ast-featured-img":"","footer-sml-layout":"","theme-transparent-header-meta":"default","adv-header-id-meta":"","stick-header-meta":"","header-above-stick-meta":"","header-main-stick-meta":"","header-below-stick-meta":""},"product_cat":[28],"product_tag":[],"yoast_head":"<!-- This site is optimized with the Yoast SEO plugin v20.7 - https:\/\/yoast.com\/wordpress\/plugins\/seo\/ -->\n<title>Camiseta Algod\u00e3o Laranja - Volunt\u00e1rio - Unissex - Tampinhas Que Curam<\/title>\n<meta name=\"description\" content=\"Adquira sua camiseta das tampinhas que curam e colabore com o projeto socioambiental\" \/>\n<meta name=\"robots\" content=\"index, follow, max-snippet:-1, max-image-preview:large, max-video-preview:-1\" \/>\n<link rel=\"canonical\" href=\"https:\/\/tampinhasquecuram.com.br\/en\/product\/camiseta-algodao-laranja-voluntario-unisexx\/\" \/>\n<meta property=\"og:locale\" content=\"en_US\" \/>\n<meta property=\"og:type\" content=\"article\" \/>\n<meta property=\"og:title\" content=\"Camiseta Algod\u00e3o Laranja - Volunt\u00e1rio - Unissex - Tampinhas Que Curam\" \/>\n<meta property=\"og:description\" content=\"Adquira sua camiseta das tampinhas que curam e colabore com o projeto socioambiental\" \/>\n<meta property=\"og:url\" content=\"https:\/\/tampinhasquecuram.com.br\/en\/product\/camiseta-algodao-laranja-voluntario-unisexx\/\" \/>\n<meta property=\"og:site_name\" content=\"Tampinhas Que Curam\" \/>\n<meta property=\"article:publisher\" content=\"https:\/\/www.facebook.com\/tampinhasquecuram\" \/>\n<meta property=\"article:modified_time\" content=\"2026-04-06T15:51:09+00:00\" \/>\n<meta property=\"og:image\" content=\"http:\/\/tampinhasquecuram.com.br\/wp-content\/uploads\/2024\/06\/camiseta1.png\" \/>\n\t<meta property=\"og:image:width\" content=\"1000\" \/>\n\t<meta property=\"og:image:height\" content=\"1000\" \/>\n\t<meta property=\"og:image:type\" content=\"image\/png\" \/>\n<meta name=\"twitter:card\" content=\"summary_large_image\" \/>\n<meta name=\"twitter:label1\" content=\"Est. reading time\" \/>\n\t<meta name=\"twitter:data1\" content=\"1 minute\" \/>\n<script type=\"application\/ld+json\" class=\"yoast-schema-graph\">{\"@context\":\"https:\/\/schema.org\",\"@graph\":[{\"@type\":\"WebPage\",\"@id\":\"https:\/\/tampinhasquecuram.com.br\/produto\/camiseta-algodao-laranja-voluntario-unisexx\/\",\"url\":\"https:\/\/tampinhasquecuram.com.br\/produto\/camiseta-algodao-laranja-voluntario-unisexx\/\",\"name\":\"Camiseta Algod\u00e3o Laranja - Volunt\u00e1rio - Unissex - Tampinhas Que Curam\",\"isPartOf\":{\"@id\":\"https:\/\/tampinhasquecuram.com.br\/#website\"},\"datePublished\":\"2024-06-21T13:12:49+00:00\",\"dateModified\":\"2026-04-06T15:51:09+00:00\",\"description\":\"Adquira sua camiseta das tampinhas que curam e colabore com o projeto socioambiental\",\"breadcrumb\":{\"@id\":\"https:\/\/tampinhasquecuram.com.br\/produto\/camiseta-algodao-laranja-voluntario-unisexx\/#breadcrumb\"},\"inLanguage\":\"en-US\",\"potentialAction\":[{\"@type\":\"ReadAction\",\"target\":[\"https:\/\/tampinhasquecuram.com.br\/produto\/camiseta-algodao-laranja-voluntario-unisexx\/\"]}]},{\"@type\":\"BreadcrumbList\",\"@id\":\"https:\/\/tampinhasquecuram.com.br\/produto\/camiseta-algodao-laranja-voluntario-unisexx\/#breadcrumb\",\"itemListElement\":[{\"@type\":\"ListItem\",\"position\":1,\"name\":\"In\u00edcio\",\"item\":\"https:\/\/tampinhasquecuram.com.br\/\"},{\"@type\":\"ListItem\",\"position\":2,\"name\":\"Loja\",\"item\":\"https:\/\/tampinhasquecuram.com.br\/loja\/\"},{\"@type\":\"ListItem\",\"position\":3,\"name\":\"Camiseta Algod\u00e3o Laranja &#8211; Volunt\u00e1rio &#8211; Unissex\"}]},{\"@type\":\"WebSite\",\"@id\":\"https:\/\/tampinhasquecuram.com.br\/#website\",\"url\":\"https:\/\/tampinhasquecuram.com.br\/\",\"name\":\"Tampinhas que Curam\",\"description\":\"Junte-se a N\u00f3s Nessa Causa Solid\u00e1ria\",\"publisher\":{\"@id\":\"https:\/\/tampinhasquecuram.com.br\/#organization\"},\"alternateName\":\"Tampinhas que Curam\",\"potentialAction\":[{\"@type\":\"SearchAction\",\"target\":{\"@type\":\"EntryPoint\",\"urlTemplate\":\"https:\/\/tampinhasquecuram.com.br\/?s={search_term_string}\"},\"query-input\":\"required name=search_term_string\"}],\"inLanguage\":\"en-US\"},{\"@type\":\"Organization\",\"@id\":\"https:\/\/tampinhasquecuram.com.br\/#organization\",\"name\":\"Tampinhas que Curam\",\"alternateName\":\"Tampinhas que Curam\",\"url\":\"https:\/\/tampinhasquecuram.com.br\/\",\"logo\":{\"@type\":\"ImageObject\",\"inLanguage\":\"en-US\",\"@id\":\"https:\/\/tampinhasquecuram.com.br\/#\/schema\/logo\/image\/\",\"url\":\"http:\/\/tampinhasquecuram.com.br\/wp-content\/uploads\/2023\/04\/icone-imagem-em-destaque.png\",\"contentUrl\":\"http:\/\/tampinhasquecuram.com.br\/wp-content\/uploads\/2023\/04\/icone-imagem-em-destaque.png\",\"width\":512,\"height\":513,\"caption\":\"Tampinhas que Curam\"},\"image\":{\"@id\":\"https:\/\/tampinhasquecuram.com.br\/#\/schema\/logo\/image\/\"},\"sameAs\":[\"https:\/\/www.facebook.com\/tampinhasquecuram\",\"https:\/\/www.instagram.com\/tampinhasquecuram\/\"]}]}<\/script>\n<!-- \/ Yoast SEO plugin. -->","yoast_head_json":{"title":"Camiseta Algod\u00e3o Laranja - Volunt\u00e1rio - Unissex - Tampinhas Que Curam","description":"Adquira sua camiseta das tampinhas que curam e colabore com o projeto socioambiental","robots":{"index":"index","follow":"follow","max-snippet":"max-snippet:-1","max-image-preview":"max-image-preview:large","max-video-preview":"max-video-preview:-1"},"canonical":"https:\/\/tampinhasquecuram.com.br\/en\/product\/camiseta-algodao-laranja-voluntario-unisexx\/","og_locale":"en_US","og_type":"article","og_title":"Camiseta Algod\u00e3o Laranja - Volunt\u00e1rio - Unissex - Tampinhas Que Curam","og_description":"Adquira sua camiseta das tampinhas que curam e colabore com o projeto socioambiental","og_url":"https:\/\/tampinhasquecuram.com.br\/en\/product\/camiseta-algodao-laranja-voluntario-unisexx\/","og_site_name":"Tampinhas Que Curam","article_publisher":"https:\/\/www.facebook.com\/tampinhasquecuram","article_modified_time":"2026-04-06T15:51:09+00:00","og_image":[{"width":1000,"height":1000,"url":"http:\/\/tampinhasquecuram.com.br\/wp-content\/uploads\/2024\/06\/camiseta1.png","type":"image\/png"}],"twitter_card":"summary_large_image","twitter_misc":{"Est. reading time":"1 minute"},"schema":{"@context":"https:\/\/schema.org","@graph":[{"@type":"WebPage","@id":"https:\/\/tampinhasquecuram.com.br\/produto\/camiseta-algodao-laranja-voluntario-unisexx\/","url":"https:\/\/tampinhasquecuram.com.br\/produto\/camiseta-algodao-laranja-voluntario-unisexx\/","name":"Camiseta Algod\u00e3o Laranja - Volunt\u00e1rio - Unissex - Tampinhas Que Curam","isPartOf":{"@id":"https:\/\/tampinhasquecuram.com.br\/#website"},"datePublished":"2024-06-21T13:12:49+00:00","dateModified":"2026-04-06T15:51:09+00:00","description":"Adquira sua camiseta das tampinhas que curam e colabore com o projeto socioambiental","breadcrumb":{"@id":"https:\/\/tampinhasquecuram.com.br\/produto\/camiseta-algodao-laranja-voluntario-unisexx\/#breadcrumb"},"inLanguage":"en-US","potentialAction":[{"@type":"ReadAction","target":["https:\/\/tampinhasquecuram.com.br\/produto\/camiseta-algodao-laranja-voluntario-unisexx\/"]}]},{"@type":"BreadcrumbList","@id":"https:\/\/tampinhasquecuram.com.br\/produto\/camiseta-algodao-laranja-voluntario-unisexx\/#breadcrumb","itemListElement":[{"@type":"ListItem","position":1,"name":"In\u00edcio","item":"https:\/\/tampinhasquecuram.com.br\/"},{"@type":"ListItem","position":2,"name":"Loja","item":"https:\/\/tampinhasquecuram.com.br\/loja\/"},{"@type":"ListItem","position":3,"name":"Camiseta Algod\u00e3o Laranja &#8211; Volunt\u00e1rio &#8211; Unissex"}]},{"@type":"WebSite","@id":"https:\/\/tampinhasquecuram.com.br\/#website","url":"https:\/\/tampinhasquecuram.com.br\/","name":"Tampinhas que Curam","description":"Junte-se a N\u00f3s Nessa Causa Solid\u00e1ria","publisher":{"@id":"https:\/\/tampinhasquecuram.com.br\/#organization"},"alternateName":"Tampinhas que Curam","potentialAction":[{"@type":"SearchAction","target":{"@type":"EntryPoint","urlTemplate":"https:\/\/tampinhasquecuram.com.br\/?s={search_term_string}"},"query-input":"required name=search_term_string"}],"inLanguage":"en-US"},{"@type":"Organization","@id":"https:\/\/tampinhasquecuram.com.br\/#organization","name":"Tampinhas que Curam","alternateName":"Tampinhas que Curam","url":"https:\/\/tampinhasquecuram.com.br\/","logo":{"@type":"ImageObject","inLanguage":"en-US","@id":"https:\/\/tampinhasquecuram.com.br\/#\/schema\/logo\/image\/","url":"http:\/\/tampinhasquecuram.com.br\/wp-content\/uploads\/2023\/04\/icone-imagem-em-destaque.png","contentUrl":"http:\/\/tampinhasquecuram.com.br\/wp-content\/uploads\/2023\/04\/icone-imagem-em-destaque.png","width":512,"height":513,"caption":"Tampinhas que Curam"},"image":{"@id":"https:\/\/tampinhasquecuram.com.br\/#\/schema\/logo\/image\/"},"sameAs":["https:\/\/www.facebook.com\/tampinhasquecuram","https:\/\/www.instagram.com\/tampinhasquecuram\/"]}]}},"_links":{"self":[{"href":"https:\/\/tampinhasquecuram.com.br\/en\/wp-json\/wp\/v2\/product\/3084"}],"collection":[{"href":"https:\/\/tampinhasquecuram.com.br\/en\/wp-json\/wp\/v2\/product"}],"about":[{"href":"https:\/\/tampinhasquecuram.com.br\/en\/wp-json\/wp\/v2\/types\/product"}],"replies":[{"embeddable":true,"href":"https:\/\/tampinhasquecuram.com.br\/en\/wp-json\/wp\/v2\/comments?post=3084"}],"wp:featuredmedia":[{"embeddable":true,"href":"https:\/\/tampinhasquecuram.com.br\/en\/wp-json\/wp\/v2\/media\/3114"}],"wp:attachment":[{"href":"https:\/\/tampinhasquecuram.com.br\/en\/wp-json\/wp\/v2\/media?parent=3084"}],"wp:term":[{"taxonomy":"product_cat","embeddable":true,"href":"https:\/\/tampinhasquecuram.com.br\/en\/wp-json\/wp\/v2\/product_cat?post=3084"},{"taxonomy":"product_tag","embeddable":true,"href":"https:\/\/tampinhasquecuram.com.br\/en\/wp-json\/wp\/v2\/product_tag?post=3084"}],"curies":[{"name":"wp","href":"https:\/\/api.w.org\/{rel}","templated":true}]}}