{"id":3787,"date":"2025-07-07T12:19:02","date_gmt":"2025-07-07T15:19:02","guid":{"rendered":"https:\/\/tampinhasquecuram.com.br\/?post_type=product&#038;p=3787"},"modified":"2026-03-13T15:26:00","modified_gmt":"2026-03-13T18:26:00","slug":"squeeze-inox-500ml","status":"publish","type":"product","link":"https:\/\/tampinhasquecuram.com.br\/en\/product\/squeeze-inox-500ml\/","title":{"rendered":"Stainless Steel Squeeze 500ml"},"content":{"rendered":"<p>500ml stainless steel squeeze with metallic paint, screw-on lid and a second spout with carabiner (not thermal).<\/p>\n<p>Approximate measurements for engraving (LxW): 14.3 cm x 6 cm<\/p>\n<p>Approximate total size (LxW): 21.3 cm x 6.5 cm<\/p>\n<p>Approximate weight (g): 142<\/p>","protected":false},"excerpt":{"rendered":"<p>500ml stainless steel squeeze with metallic paint, screw-on lid and a second spout with carabiner (not thermal). Approximate measurements for engraving (LxW): 14.3 cm x 6 cm Approximate total size (LxW): 21.3 cm x 6.5 cm Approximate weight (g): 142<\/p>","protected":false},"featured_media":3789,"comment_status":"open","ping_status":"closed","template":"","meta":{"site-sidebar-layout":"default","site-content-layout":"default","ast-global-header-display":"","ast-main-header-display":"","ast-hfb-above-header-display":"","ast-hfb-below-header-display":"","ast-hfb-mobile-header-display":"","site-post-title":"","ast-breadcrumbs-content":"","ast-featured-img":"","footer-sml-layout":"","theme-transparent-header-meta":"default","adv-header-id-meta":"","stick-header-meta":"","header-above-stick-meta":"","header-main-stick-meta":"","header-below-stick-meta":""},"product_cat":[24],"product_tag":[],"yoast_head":"<!-- This site is optimized with the Yoast SEO plugin v20.7 - https:\/\/yoast.com\/wordpress\/plugins\/seo\/ -->\n<title>Squeeze Inox 500ml - Tampinhas Que Curam<\/title>\n<meta name=\"robots\" content=\"index, follow, max-snippet:-1, max-image-preview:large, max-video-preview:-1\" \/>\n<link rel=\"canonical\" href=\"https:\/\/tampinhasquecuram.com.br\/en\/product\/squeeze-inox-500ml\/\" \/>\n<meta property=\"og:locale\" content=\"en_US\" \/>\n<meta property=\"og:type\" content=\"article\" \/>\n<meta property=\"og:title\" content=\"Squeeze Inox 500ml - Tampinhas Que Curam\" \/>\n<meta property=\"og:description\" content=\"Squeeze 500ml de inox com pintura metalizada, tampa rosque\u00e1vel e acompanha um segundo bico com mosquet\u00e3o (n\u00e3o \u00e9 t\u00e9rmico). Medidas aproximadas para grava\u00e7\u00e3o (CxL): 14,3 cm x 6 cm Tamanho total aproximado (CxL): 21,3 cm x 6,5 cm Peso aproximado (g): 142\" \/>\n<meta property=\"og:url\" content=\"https:\/\/tampinhasquecuram.com.br\/en\/product\/squeeze-inox-500ml\/\" \/>\n<meta property=\"og:site_name\" content=\"Tampinhas Que Curam\" \/>\n<meta property=\"article:publisher\" content=\"https:\/\/www.facebook.com\/tampinhasquecuram\" \/>\n<meta property=\"article:modified_time\" content=\"2026-03-13T18:26:00+00:00\" \/>\n<meta property=\"og:image\" content=\"http:\/\/tampinhasquecuram.com.br\/wp-content\/uploads\/2025\/07\/WhatsApp-Image-2025-07-03-at-18.33.53.jpeg\" \/>\n\t<meta property=\"og:image:width\" content=\"1200\" \/>\n\t<meta property=\"og:image:height\" content=\"1600\" \/>\n\t<meta property=\"og:image:type\" content=\"image\/jpeg\" \/>\n<meta name=\"twitter:card\" content=\"summary_large_image\" \/>\n<meta name=\"twitter:label1\" content=\"Est. reading time\" \/>\n\t<meta name=\"twitter:data1\" content=\"1 minute\" \/>\n<script type=\"application\/ld+json\" class=\"yoast-schema-graph\">{\"@context\":\"https:\/\/schema.org\",\"@graph\":[{\"@type\":\"WebPage\",\"@id\":\"https:\/\/tampinhasquecuram.com.br\/produto\/squeeze-inox-500ml\/\",\"url\":\"https:\/\/tampinhasquecuram.com.br\/produto\/squeeze-inox-500ml\/\",\"name\":\"Squeeze Inox 500ml - Tampinhas Que Curam\",\"isPartOf\":{\"@id\":\"https:\/\/tampinhasquecuram.com.br\/#website\"},\"datePublished\":\"2025-07-07T15:19:02+00:00\",\"dateModified\":\"2026-03-13T18:26:00+00:00\",\"breadcrumb\":{\"@id\":\"https:\/\/tampinhasquecuram.com.br\/produto\/squeeze-inox-500ml\/#breadcrumb\"},\"inLanguage\":\"en-US\",\"potentialAction\":[{\"@type\":\"ReadAction\",\"target\":[\"https:\/\/tampinhasquecuram.com.br\/produto\/squeeze-inox-500ml\/\"]}]},{\"@type\":\"BreadcrumbList\",\"@id\":\"https:\/\/tampinhasquecuram.com.br\/produto\/squeeze-inox-500ml\/#breadcrumb\",\"itemListElement\":[{\"@type\":\"ListItem\",\"position\":1,\"name\":\"In\u00edcio\",\"item\":\"https:\/\/tampinhasquecuram.com.br\/\"},{\"@type\":\"ListItem\",\"position\":2,\"name\":\"Loja\",\"item\":\"https:\/\/tampinhasquecuram.com.br\/loja\/\"},{\"@type\":\"ListItem\",\"position\":3,\"name\":\"Squeeze Inox 500ml\"}]},{\"@type\":\"WebSite\",\"@id\":\"https:\/\/tampinhasquecuram.com.br\/#website\",\"url\":\"https:\/\/tampinhasquecuram.com.br\/\",\"name\":\"Tampinhas que Curam\",\"description\":\"Junte-se a N\u00f3s Nessa Causa Solid\u00e1ria\",\"publisher\":{\"@id\":\"https:\/\/tampinhasquecuram.com.br\/#organization\"},\"alternateName\":\"Tampinhas que Curam\",\"potentialAction\":[{\"@type\":\"SearchAction\",\"target\":{\"@type\":\"EntryPoint\",\"urlTemplate\":\"https:\/\/tampinhasquecuram.com.br\/?s={search_term_string}\"},\"query-input\":\"required name=search_term_string\"}],\"inLanguage\":\"en-US\"},{\"@type\":\"Organization\",\"@id\":\"https:\/\/tampinhasquecuram.com.br\/#organization\",\"name\":\"Tampinhas que Curam\",\"alternateName\":\"Tampinhas que Curam\",\"url\":\"https:\/\/tampinhasquecuram.com.br\/\",\"logo\":{\"@type\":\"ImageObject\",\"inLanguage\":\"en-US\",\"@id\":\"https:\/\/tampinhasquecuram.com.br\/#\/schema\/logo\/image\/\",\"url\":\"http:\/\/tampinhasquecuram.com.br\/wp-content\/uploads\/2023\/04\/icone-imagem-em-destaque.png\",\"contentUrl\":\"http:\/\/tampinhasquecuram.com.br\/wp-content\/uploads\/2023\/04\/icone-imagem-em-destaque.png\",\"width\":512,\"height\":513,\"caption\":\"Tampinhas que Curam\"},\"image\":{\"@id\":\"https:\/\/tampinhasquecuram.com.br\/#\/schema\/logo\/image\/\"},\"sameAs\":[\"https:\/\/www.facebook.com\/tampinhasquecuram\",\"https:\/\/www.instagram.com\/tampinhasquecuram\/\"]}]}<\/script>\n<!-- \/ Yoast SEO plugin. -->","yoast_head_json":{"title":"Squeeze Inox 500ml - Tampinhas Que Curam","robots":{"index":"index","follow":"follow","max-snippet":"max-snippet:-1","max-image-preview":"max-image-preview:large","max-video-preview":"max-video-preview:-1"},"canonical":"https:\/\/tampinhasquecuram.com.br\/en\/product\/squeeze-inox-500ml\/","og_locale":"en_US","og_type":"article","og_title":"Squeeze Inox 500ml - Tampinhas Que Curam","og_description":"Squeeze 500ml de inox com pintura metalizada, tampa rosque\u00e1vel e acompanha um segundo bico com mosquet\u00e3o (n\u00e3o \u00e9 t\u00e9rmico). Medidas aproximadas para grava\u00e7\u00e3o (CxL): 14,3 cm x 6 cm Tamanho total aproximado (CxL): 21,3 cm x 6,5 cm Peso aproximado (g): 142","og_url":"https:\/\/tampinhasquecuram.com.br\/en\/product\/squeeze-inox-500ml\/","og_site_name":"Tampinhas Que Curam","article_publisher":"https:\/\/www.facebook.com\/tampinhasquecuram","article_modified_time":"2026-03-13T18:26:00+00:00","og_image":[{"width":1200,"height":1600,"url":"http:\/\/tampinhasquecuram.com.br\/wp-content\/uploads\/2025\/07\/WhatsApp-Image-2025-07-03-at-18.33.53.jpeg","type":"image\/jpeg"}],"twitter_card":"summary_large_image","twitter_misc":{"Est. reading time":"1 minute"},"schema":{"@context":"https:\/\/schema.org","@graph":[{"@type":"WebPage","@id":"https:\/\/tampinhasquecuram.com.br\/produto\/squeeze-inox-500ml\/","url":"https:\/\/tampinhasquecuram.com.br\/produto\/squeeze-inox-500ml\/","name":"Squeeze Inox 500ml - Tampinhas Que Curam","isPartOf":{"@id":"https:\/\/tampinhasquecuram.com.br\/#website"},"datePublished":"2025-07-07T15:19:02+00:00","dateModified":"2026-03-13T18:26:00+00:00","breadcrumb":{"@id":"https:\/\/tampinhasquecuram.com.br\/produto\/squeeze-inox-500ml\/#breadcrumb"},"inLanguage":"en-US","potentialAction":[{"@type":"ReadAction","target":["https:\/\/tampinhasquecuram.com.br\/produto\/squeeze-inox-500ml\/"]}]},{"@type":"BreadcrumbList","@id":"https:\/\/tampinhasquecuram.com.br\/produto\/squeeze-inox-500ml\/#breadcrumb","itemListElement":[{"@type":"ListItem","position":1,"name":"In\u00edcio","item":"https:\/\/tampinhasquecuram.com.br\/"},{"@type":"ListItem","position":2,"name":"Loja","item":"https:\/\/tampinhasquecuram.com.br\/loja\/"},{"@type":"ListItem","position":3,"name":"Squeeze Inox 500ml"}]},{"@type":"WebSite","@id":"https:\/\/tampinhasquecuram.com.br\/#website","url":"https:\/\/tampinhasquecuram.com.br\/","name":"Tampinhas que Curam","description":"Junte-se a N\u00f3s Nessa Causa Solid\u00e1ria","publisher":{"@id":"https:\/\/tampinhasquecuram.com.br\/#organization"},"alternateName":"Tampinhas que Curam","potentialAction":[{"@type":"SearchAction","target":{"@type":"EntryPoint","urlTemplate":"https:\/\/tampinhasquecuram.com.br\/?s={search_term_string}"},"query-input":"required name=search_term_string"}],"inLanguage":"en-US"},{"@type":"Organization","@id":"https:\/\/tampinhasquecuram.com.br\/#organization","name":"Tampinhas que Curam","alternateName":"Tampinhas que Curam","url":"https:\/\/tampinhasquecuram.com.br\/","logo":{"@type":"ImageObject","inLanguage":"en-US","@id":"https:\/\/tampinhasquecuram.com.br\/#\/schema\/logo\/image\/","url":"http:\/\/tampinhasquecuram.com.br\/wp-content\/uploads\/2023\/04\/icone-imagem-em-destaque.png","contentUrl":"http:\/\/tampinhasquecuram.com.br\/wp-content\/uploads\/2023\/04\/icone-imagem-em-destaque.png","width":512,"height":513,"caption":"Tampinhas que Curam"},"image":{"@id":"https:\/\/tampinhasquecuram.com.br\/#\/schema\/logo\/image\/"},"sameAs":["https:\/\/www.facebook.com\/tampinhasquecuram","https:\/\/www.instagram.com\/tampinhasquecuram\/"]}]}},"_links":{"self":[{"href":"https:\/\/tampinhasquecuram.com.br\/en\/wp-json\/wp\/v2\/product\/3787"}],"collection":[{"href":"https:\/\/tampinhasquecuram.com.br\/en\/wp-json\/wp\/v2\/product"}],"about":[{"href":"https:\/\/tampinhasquecuram.com.br\/en\/wp-json\/wp\/v2\/types\/product"}],"replies":[{"embeddable":true,"href":"https:\/\/tampinhasquecuram.com.br\/en\/wp-json\/wp\/v2\/comments?post=3787"}],"wp:featuredmedia":[{"embeddable":true,"href":"https:\/\/tampinhasquecuram.com.br\/en\/wp-json\/wp\/v2\/media\/3789"}],"wp:attachment":[{"href":"https:\/\/tampinhasquecuram.com.br\/en\/wp-json\/wp\/v2\/media?parent=3787"}],"wp:term":[{"taxonomy":"product_cat","embeddable":true,"href":"https:\/\/tampinhasquecuram.com.br\/en\/wp-json\/wp\/v2\/product_cat?post=3787"},{"taxonomy":"product_tag","embeddable":true,"href":"https:\/\/tampinhasquecuram.com.br\/en\/wp-json\/wp\/v2\/product_tag?post=3787"}],"curies":[{"name":"wp","href":"https:\/\/api.w.org\/{rel}","templated":true}]}}